{"id":117,"date":"2020-12-04T10:59:58","date_gmt":"2020-12-04T13:59:58","guid":{"rendered":"https:\/\/acconstrucciones.com.ar\/acco\/?page_id=117"},"modified":"2021-09-30T14:59:54","modified_gmt":"2021-09-30T17:59:54","slug":"nosotros","status":"publish","type":"page","link":"https:\/\/acconstrucciones.com.ar\/acco\/nosotros\/","title":{"rendered":"Nosotros"},"content":{"rendered":"\n<p>Somos una <strong>empresa salte\u00f1a<\/strong>, fundada en el a\u00f1o 2.007, que en sus inicios comenz\u00f3 ejecutando obras comerciales y sucursales bancarias por diferentes puntos del pa\u00eds. <\/p>\n\n\n\n<p>En los \u00faltimos a\u00f1os incursionamos en <strong>desarrollos inmobiliarios<\/strong>, tratando de ofrecerles un producto a su medida, para eso cabe destacar el apoyo de <strong>nuestros clientes<\/strong> que nos acompa\u00f1an incondicionalmente, tanto en lo econ\u00f3mico como en lo profesional.<\/p>\n\n\n\n<p>El tiempo nos di\u00f3 las herramientas, <strong>capital humano<\/strong> y el <strong>know how<\/strong> de hacer <em>buenas <strong>construcciones<\/strong> y buenos <strong>negocios<\/strong><\/em>.<\/p>\n\n\n\n<p>S\u00ed tuvi\u00e9ramos que elegir 3 palabras que nos identifiquen, seguramente ser\u00edan: <strong>COMPROMISO<\/strong> \/ <strong>COMPROMISO<\/strong> \/ <strong>COMPROMISO<\/strong>.<\/p>\n","protected":false},"excerpt":{"rendered":"<p>Somos una empresa salte\u00f1a, fundada en el a\u00f1o 2.007, que en sus inicios comenz\u00f3 ejecutando obras comerciales y sucursales bancarias por diferentes puntos del pa\u00eds. En los \u00faltimos a\u00f1os incursionamos en desarrollos inmobiliarios, tratando de ofrecerles un producto a su medida, para eso cabe destacar el apoyo de nuestros clientes que nos acompa\u00f1an incondicionalmente, tanto [&hellip;]<\/p>\n","protected":false},"author":1,"featured_media":0,"parent":0,"menu_order":0,"comment_status":"closed","ping_status":"closed","template":"","meta":{"footnotes":""},"class_list":["post-117","page","type-page","status-publish","hentry"],"_links":{"self":[{"href":"https:\/\/acconstrucciones.com.ar\/acco\/wp-json\/wp\/v2\/pages\/117","targetHints":{"allow":["GET"]}}],"collection":[{"href":"https:\/\/acconstrucciones.com.ar\/acco\/wp-json\/wp\/v2\/pages"}],"about":[{"href":"https:\/\/acconstrucciones.com.ar\/acco\/wp-json\/wp\/v2\/types\/page"}],"author":[{"embeddable":true,"href":"https:\/\/acconstrucciones.com.ar\/acco\/wp-json\/wp\/v2\/users\/1"}],"replies":[{"embeddable":true,"href":"https:\/\/acconstrucciones.com.ar\/acco\/wp-json\/wp\/v2\/comments?post=117"}],"version-history":[{"count":6,"href":"https:\/\/acconstrucciones.com.ar\/acco\/wp-json\/wp\/v2\/pages\/117\/revisions"}],"predecessor-version":[{"id":155,"href":"https:\/\/acconstrucciones.com.ar\/acco\/wp-json\/wp\/v2\/pages\/117\/revisions\/155"}],"wp:attachment":[{"href":"https:\/\/acconstrucciones.com.ar\/acco\/wp-json\/wp\/v2\/media?parent=117"}],"curies":[{"name":"wp","href":"https:\/\/api.w.org\/{rel}","templated":true}]}}