{"id":2,"date":"2020-12-04T01:35:01","date_gmt":"2020-12-04T04:35:01","guid":{"rendered":"https:\/\/acconstrucciones.com.ar\/acco\/?page_id=2"},"modified":"2023-05-28T01:07:00","modified_gmt":"2023-05-28T04:07:00","slug":"inicio","status":"publish","type":"page","link":"https:\/\/acconstrucciones.com.ar\/acco\/","title":{"rendered":"Inicio"},"content":{"rendered":"\n<h3 class=\"wp-block-heading\"><strong>Obras<\/strong><\/h3>\n\n\n\n<blockquote class=\"wp-block-quote is-layout-flow wp-block-quote-is-layout-flow\">\n<p>Construcciones en general<\/p>\n\n\n\n<p>Taller metal\u00fargico<\/p>\n\n\n\n<p>Servicios mineros<\/p>\n<\/blockquote>\n\n\n\n<h3 class=\"wp-block-heading\"><strong>Desarrollos inmobiliarios<\/strong><\/h3>\n\n\n\n<blockquote class=\"wp-block-quote is-layout-flow wp-block-quote-is-layout-flow\">\n<p>Una de tus mejores opciones a la hora de&nbsp;<strong>construir<\/strong> e <strong>invertir<\/strong>&nbsp;tus&nbsp;<strong>ahorros<\/strong>.<\/p>\n<\/blockquote>\n\n\n\n<h3 class=\"wp-block-heading\"><strong>IDEAL para vivir e invertir<\/strong><\/h3>\n\n\n\n<p>Tenemos departamentos a entregar en los pr\u00f3ximos meses y tambi\u00e9n <strong>en pozo<\/strong>, en formaci\u00f3n de fideicomiso, ideal para entrar a&nbsp;<strong>precio<\/strong>&nbsp;de&nbsp;<strong>preventa<\/strong>&nbsp;con importantes&nbsp;<strong>descuentos<\/strong>.<\/p>\n\n\n\n<p><strong>Cont\u00e1ctenos<\/strong>&nbsp;y haremos buenos negocios.<\/p>\n\n\n\n<p>Env\u00edenos un mail \/ celular, para ponernos en contactos.<\/p>\n\n\n\n<p><strong>info@acconstrucciones.com.ar<\/strong><\/p>\n\n\n\n<p><\/p>\n\n\n\n<p><\/p>\n\n\n\n<p class=\"has-text-align-center\"><em>* Todas las im\u00e1genes e informaci\u00f3n en esta p\u00e1gina web, son a modo ilustrativo, no contractuales.<\/em><\/p>\n","protected":false},"excerpt":{"rendered":"<p>Obras Construcciones en general Taller metal\u00fargico Servicios mineros Desarrollos inmobiliarios Una de tus mejores opciones a la hora de&nbsp;construir e invertir&nbsp;tus&nbsp;ahorros. IDEAL para vivir e invertir Tenemos departamentos a entregar en los pr\u00f3ximos meses y tambi\u00e9n en pozo, en formaci\u00f3n de fideicomiso, ideal para entrar a&nbsp;precio&nbsp;de&nbsp;preventa&nbsp;con importantes&nbsp;descuentos. Cont\u00e1ctenos&nbsp;y haremos buenos negocios. Env\u00edenos un mail \/ [&hellip;]<\/p>\n","protected":false},"author":1,"featured_media":0,"parent":0,"menu_order":0,"comment_status":"closed","ping_status":"closed","template":"","meta":{"footnotes":""},"class_list":["post-2","page","type-page","status-publish","hentry"],"_links":{"self":[{"href":"https:\/\/acconstrucciones.com.ar\/acco\/wp-json\/wp\/v2\/pages\/2","targetHints":{"allow":["GET"]}}],"collection":[{"href":"https:\/\/acconstrucciones.com.ar\/acco\/wp-json\/wp\/v2\/pages"}],"about":[{"href":"https:\/\/acconstrucciones.com.ar\/acco\/wp-json\/wp\/v2\/types\/page"}],"author":[{"embeddable":true,"href":"https:\/\/acconstrucciones.com.ar\/acco\/wp-json\/wp\/v2\/users\/1"}],"replies":[{"embeddable":true,"href":"https:\/\/acconstrucciones.com.ar\/acco\/wp-json\/wp\/v2\/comments?post=2"}],"version-history":[{"count":22,"href":"https:\/\/acconstrucciones.com.ar\/acco\/wp-json\/wp\/v2\/pages\/2\/revisions"}],"predecessor-version":[{"id":194,"href":"https:\/\/acconstrucciones.com.ar\/acco\/wp-json\/wp\/v2\/pages\/2\/revisions\/194"}],"wp:attachment":[{"href":"https:\/\/acconstrucciones.com.ar\/acco\/wp-json\/wp\/v2\/media?parent=2"}],"curies":[{"name":"wp","href":"https:\/\/api.w.org\/{rel}","templated":true}]}}