{"id":67,"date":"2020-12-04T01:32:48","date_gmt":"2020-12-04T04:32:48","guid":{"rendered":"https:\/\/acconstrucciones.com.ar\/acco\/?page_id=67"},"modified":"2020-12-04T10:51:41","modified_gmt":"2020-12-04T13:51:41","slug":"indice","status":"publish","type":"page","link":"https:\/\/acconstrucciones.com.ar\/acco\/indice\/","title":{"rendered":"Indice CAC"},"content":{"rendered":"\n<p><strong>Indice C.A.C.<\/strong>: \u00cdndice del costo de construcci\u00f3n de la&nbsp;<strong>C<\/strong>\u00e1mara&nbsp;<strong>A<\/strong>rgentina de la&nbsp;<strong>C<\/strong>onstrucci\u00f3n.<\/p>\n\n\n\n<ul class=\"wp-block-list\"><li>Ver hist\u00f3rico del \u00cdndice:  &nbsp;<strong><a rel=\"noreferrer noopener\" href=\"https:\/\/www.cifrasonline.com.ar\/indice-cac\/\" target=\"_blank\">(hace click para ver C.A.C.)<\/a><\/strong><\/li><\/ul>\n","protected":false},"excerpt":{"rendered":"<p>Indice C.A.C.: \u00cdndice del costo de construcci\u00f3n de la&nbsp;C\u00e1mara&nbsp;Argentina de la&nbsp;Construcci\u00f3n. Ver hist\u00f3rico del \u00cdndice: &nbsp;(hace click para ver C.A.C.)<\/p>\n","protected":false},"author":1,"featured_media":0,"parent":0,"menu_order":0,"comment_status":"closed","ping_status":"closed","template":"","meta":{"footnotes":""},"class_list":["post-67","page","type-page","status-publish","hentry"],"_links":{"self":[{"href":"https:\/\/acconstrucciones.com.ar\/acco\/wp-json\/wp\/v2\/pages\/67","targetHints":{"allow":["GET"]}}],"collection":[{"href":"https:\/\/acconstrucciones.com.ar\/acco\/wp-json\/wp\/v2\/pages"}],"about":[{"href":"https:\/\/acconstrucciones.com.ar\/acco\/wp-json\/wp\/v2\/types\/page"}],"author":[{"embeddable":true,"href":"https:\/\/acconstrucciones.com.ar\/acco\/wp-json\/wp\/v2\/users\/1"}],"replies":[{"embeddable":true,"href":"https:\/\/acconstrucciones.com.ar\/acco\/wp-json\/wp\/v2\/comments?post=67"}],"version-history":[{"count":4,"href":"https:\/\/acconstrucciones.com.ar\/acco\/wp-json\/wp\/v2\/pages\/67\/revisions"}],"predecessor-version":[{"id":116,"href":"https:\/\/acconstrucciones.com.ar\/acco\/wp-json\/wp\/v2\/pages\/67\/revisions\/116"}],"wp:attachment":[{"href":"https:\/\/acconstrucciones.com.ar\/acco\/wp-json\/wp\/v2\/media?parent=67"}],"curies":[{"name":"wp","href":"https:\/\/api.w.org\/{rel}","templated":true}]}}